{"id":2594,"date":"2023-07-26T11:01:22","date_gmt":"2023-07-26T09:01:22","guid":{"rendered":"https:\/\/pnkfarmaceutici.com\/dienstleistungen\/auftragsfertigung\/"},"modified":"2023-11-15T14:33:33","modified_gmt":"2023-11-15T14:33:33","slug":"auftragsfertigung","status":"publish","type":"page","link":"https:\/\/pnkfarmaceutici.com\/de\/dienstleistungen\/auftragsfertigung\/","title":{"rendered":"Auftragsfertigung"},"content":{"rendered":"<p>[et_pb_section fb_built=&#8220;1&#8243; _builder_version=&#8220;4.22.1&#8243; _module_preset=&#8220;default&#8220; background_color=&#8220;#f7f7f7&#8243; custom_padding=&#8220;2px||||false|false&#8220; global_colors_info=&#8220;{}&#8220;][et_pb_row column_structure=&#8220;3_4,1_4&#8243; custom_padding_last_edited=&#8220;on|desktop&#8220; _builder_version=&#8220;4.22.2&#8243; _module_preset=&#8220;default&#8220; max_width=&#8220;1440px&#8220; custom_margin=&#8220;||||false|false&#8220; custom_padding=&#8220;||0px||false|false&#8220; custom_padding_tablet=&#8220;||0px|||&#8220; custom_padding_phone=&#8220;||0px||false|false&#8220; global_colors_info=&#8220;{}&#8220;][et_pb_column type=&#8220;3_4&#8243; _builder_version=&#8220;4.22.2&#8243; _module_preset=&#8220;default&#8220; global_colors_info=&#8220;{}&#8220; custom_css_main_element_last_edited=&#8220;on|tablet&#8220; custom_css_main_element_tablet=&#8220;margin-bottom : 0px;&#8220; custom_css_main_element_phone=&#8220;margin-bottom : 0px;&#8220;][et_pb_text _builder_version=&#8220;4.22.1&#8243; _module_preset=&#8220;default&#8220; header_font=&#8220;|600|||||||&#8220; header_font_size=&#8220;50px&#8220; header_2_font=&#8220;||||||||&#8220; header_2_font_size=&#8220;27px&#8220; header_2_letter_spacing=&#8220;1px&#8220; header_3_font_size=&#8220;27px&#8220; custom_margin=&#8220;||7px|||&#8220; header_font_size_tablet=&#8220;&#8220; header_font_size_phone=&#8220;45px&#8220; header_font_size_last_edited=&#8220;on|phone&#8220; header_2_font_size_tablet=&#8220;&#8220; header_2_font_size_phone=&#8220;&#8220; header_2_font_size_last_edited=&#8220;on|phone&#8220; header_3_font_size_tablet=&#8220;27px&#8220; header_3_font_size_phone=&#8220;24px&#8220; header_3_font_size_last_edited=&#8220;on|phone&#8220; global_colors_info=&#8220;{}&#8220;]<\/p>\n<h2><span style=\"color: #b1005d\">PNK-Dienst<\/span> <\/h2>\n<h1>Auftragsfertigung<\/h1>\n<p>[\/et_pb_text][et_pb_divider divider_weight=&#8220;4px&#8220; _builder_version=&#8220;4.22.2&#8243; _module_preset=&#8220;default&#8220; width=&#8220;7%&#8220; module_alignment=&#8220;left&#8220; height_tablet=&#8220;&#8220; height_phone=&#8220;4px&#8220; height_last_edited=&#8220;on|phone&#8220; custom_margin=&#8220;||10px||false|false&#8220; custom_padding=&#8220;||0px||false|false&#8220; global_colors_info=&#8220;{}&#8220;][\/et_pb_divider][\/et_pb_column][et_pb_column type=&#8220;1_4&#8243; disabled_on=&#8220;on|on|off&#8220; _builder_version=&#8220;4.22.2&#8243; _module_preset=&#8220;default&#8220; global_colors_info=&#8220;{}&#8220;][et_pb_image src=&#8220;https:\/\/pnkfarmaceutici.com\/wp-content\/uploads\/2023\/06\/icon.png&#8220; title_text=&#8220;icon&#8220; align=&#8220;right&#8220; disabled_on=&#8220;on|on|off&#8220; _builder_version=&#8220;4.22.2&#8243; _module_preset=&#8220;default&#8220; custom_margin=&#8220;20px||||false|false&#8220; global_colors_info=&#8220;{}&#8220;][\/et_pb_image][\/et_pb_column][\/et_pb_row][et_pb_row column_structure=&#8220;1_2,1_2&#8243; use_custom_gutter=&#8220;on&#8220; gutter_width=&#8220;2&#8243; _builder_version=&#8220;4.22.2&#8243; _module_preset=&#8220;default&#8220; max_width=&#8220;1440px&#8220; custom_margin_tablet=&#8220;&#8220; custom_margin_phone=&#8220;||||false|false&#8220; custom_margin_last_edited=&#8220;on|phone&#8220; custom_padding=&#8220;7px|||||&#8220; global_colors_info=&#8220;{}&#8220;][et_pb_column type=&#8220;1_2&#8243; _builder_version=&#8220;4.21.0&#8243; _module_preset=&#8220;default&#8220; global_colors_info=&#8220;{}&#8220;][et_pb_text _builder_version=&#8220;4.22.1&#8243; _module_preset=&#8220;default&#8220; text_font=&#8220;|300|||||||&#8220; text_font_size=&#8220;18px&#8220; text_line_height=&#8220;1.6em&#8220; custom_margin=&#8220;||4px|||&#8220; animation_style=&#8220;fade&#8220; global_colors_info=&#8220;{}&#8220;]<\/p>\n<p>In vielen europ\u00e4ischen und au\u00dfereurop\u00e4ischen L\u00e4ndern arbeitet Farmaceutici bei Gesch\u00e4ftsabschl\u00fcssen mit namhaften Marken und Pharmaunternehmen zusammen. Es gibt viele Arten von Nahrungserg\u00e4nzungsmitteln, die wir als Drittanbieter herstellen. Dazu geh\u00f6ren Nahrungserg\u00e4nzungsmittel, Probiotika und Postbiotika, Vitamine und Mineralstoffe sowie Nahrungserg\u00e4nzungsmittel in neuen Arzneiformen.<\/p>\n<p><strong>Pharmazeutische Formen:<\/strong><\/p>\n<ul>\n<li>Kapseln und Tabletten<\/li>\n<li>Pulver in Beuteln oder Dosen<\/li>\n<li>Erg\u00e4nzungen mit Fluidextrakten<\/li>\n<li>Funktionelles Zahnfleisch<\/li>\n<li>Pektin-Gummi-Erg\u00e4nzungen<\/li>\n<\/ul>\n<p><strong>F\u00fcr die Produktion verwendete Rohstoffe:<\/strong><\/p>\n<p>Neben der Herstellung achten wir auch auf die Beschaffung der ben\u00f6tigten Rohstoffe und Materialien, um sicherzustellen, dass alle Bed\u00fcrfnisse unserer Kunden erf\u00fcllt werden. Gem\u00e4\u00df dem aktuellen HACCP-Plan werden alle eingekauften Rohstoffe, die in der Produktion eingesetzt werden sollen, auf mikrobiologische und analytische Fragestellungen \u00fcberpr\u00fcft. Anschlie\u00dfend werden sie nach der \u201eFirst in, first off \u201c-Regel bei Zimmertemperatur oder im K\u00fchlschrank gelagert, je nachdem, was die Hersteller in den mitgelieferten Zertifikaten verraten.<\/p>\n<ul><\/ul>\n<p>[\/et_pb_text][et_pb_text _builder_version=&#8220;4.22.1&#8243; _module_preset=&#8220;default&#8220; text_font=&#8220;|300|||||||&#8220; text_font_size=&#8220;18px&#8220; text_line_height=&#8220;1.6em&#8220; animation_style=&#8220;fade&#8220; global_colors_info=&#8220;{}&#8220;]<\/p>\n<p><strong>Dies sind die wichtigsten Arten von Rohstoffen, die verwendet werden:<\/strong><\/p>\n<p><strong><\/strong><\/p>\n<ul>\n<li>Trockene Pflanzenextrakte und Fl\u00fcssigextrakte<\/li>\n<li>Vitamine, Mineralien und Aminos\u00e4uren<\/li>\n<li>Milchfermente, Lactoferrin und Kolostrum<\/li>\n<li><span style=\"font-size: 18px\">Pektin, Gummibasis und \u00d6le<\/span><\/li>\n<li>Nat\u00fcrliche und k\u00fcnstliche Aromastoffe und verschiedene Hilfsstoffe<\/li>\n<\/ul>\n<p>[\/et_pb_text][\/et_pb_column][et_pb_column type=&#8220;1_2&#8243; _builder_version=&#8220;4.21.0&#8243; _module_preset=&#8220;default&#8220; global_colors_info=&#8220;{}&#8220;][et_pb_image src=&#8220;https:\/\/pnkfarmaceutici.com\/wp-content\/uploads\/2023\/08\/serv-prod.jpg&#8220; title_text=&#8220;service-prod&#8220; align=&#8220;center&#8220; _builder_version=&#8220;4.22.1&#8243; _module_preset=&#8220;default&#8220; border_radii=&#8220;on|15px|15px|15px|15px&#8220; box_shadow_style=&#8220;preset4&#8243; box_shadow_color=&#8220;rgba(177,0,93,0.04)&#8220; global_colors_info=&#8220;{}&#8220;][\/et_pb_image][\/et_pb_column][\/et_pb_row][et_pb_row _builder_version=&#8220;4.22.1&#8243; _module_preset=&#8220;default&#8220; max_width=&#8220;1440px&#8220; custom_padding=&#8220;||0px|||&#8220; global_colors_info=&#8220;{}&#8220;][et_pb_column type=&#8220;4_4&#8243; _builder_version=&#8220;4.22.1&#8243; _module_preset=&#8220;default&#8220; global_colors_info=&#8220;{}&#8220;][et_pb_text _builder_version=&#8220;4.22.2&#8243; _module_preset=&#8220;default&#8220; header_font=&#8220;|600|||||||&#8220; header_font_size=&#8220;50px&#8220; header_2_font=&#8220;||||||||&#8220; header_2_font_size=&#8220;27px&#8220; header_2_letter_spacing=&#8220;1px&#8220; header_3_font=&#8220;|600|||||||&#8220; header_3_text_align=&#8220;center&#8220; header_3_font_size=&#8220;46px&#8220; custom_margin=&#8220;||7px|||&#8220; header_font_size_tablet=&#8220;50px&#8220; header_font_size_phone=&#8220;45px&#8220; header_font_size_last_edited=&#8220;on|phone&#8220; header_2_font_size_tablet=&#8220;27px&#8220; header_2_font_size_phone=&#8220;27px&#8220; header_2_font_size_last_edited=&#8220;on|phone&#8220; header_3_font_size_tablet=&#8220;40px&#8220; header_3_font_size_phone=&#8220;35px&#8220; header_3_font_size_last_edited=&#8220;on|phone&#8220; global_colors_info=&#8220;{}&#8220;]<\/p>\n<h3>Sonstige Dienstleistungen<\/h3>\n<p>[\/et_pb_text][et_pb_divider divider_weight=&#8220;4px&#8220; _builder_version=&#8220;4.22.1&#8243; _module_preset=&#8220;default&#8220; width=&#8220;7%&#8220; module_alignment=&#8220;center&#8220; height_tablet=&#8220;&#8220; height_phone=&#8220;4px&#8220; height_last_edited=&#8220;on|phone&#8220; custom_margin=&#8220;||10px||false|false&#8220; custom_padding=&#8220;||0px||false|false&#8220; global_colors_info=&#8220;{}&#8220;][\/et_pb_divider][\/et_pb_column][\/et_pb_row][et_pb_row custom_padding_last_edited=&#8220;on|phone&#8220; _builder_version=&#8220;4.22.2&#8243; _module_preset=&#8220;default&#8220; width_tablet=&#8220;&#8220; width_phone=&#8220;90%&#8220; width_last_edited=&#8220;on|phone&#8220; max_width=&#8220;1590px&#8220; custom_margin_tablet=&#8220;&#8220; custom_margin_phone=&#8220;||||false|false&#8220; custom_margin_last_edited=&#8220;on|phone&#8220; custom_padding=&#8220;4px|||||&#8220; custom_padding_tablet=&#8220;4px|||||&#8220; custom_padding_phone=&#8220;0px||||false|false&#8220; global_colors_info=&#8220;{}&#8220; custom_css_main_element_last_edited=&#8220;on|phone&#8220; custom_css_main_element_phone=&#8220;margin-bottom : 0 !important;&#8220;][et_pb_column type=&#8220;4_4&#8243; _builder_version=&#8220;4.21.0&#8243; _module_preset=&#8220;default&#8220; global_colors_info=&#8220;{}&#8220;][dsm_card_carousel slide_to_show=&#8220;4&#8243; autoplay_speed=&#8220;2500&#8243; equal_height=&#8220;on&#8220; use_arrow_custom_position=&#8220;on&#8220; arrow_custom_position=&#8220;-26px&#8220; arrow_size=&#8220;28px&#8220; arrow_color=&#8220;#FFFFFF&#8220; arrow_background_color=&#8220;#b1005d&#8220; arrow_custom_position_tablet=&#8220;14px&#8220; arrow_custom_position_phone=&#8220;14px&#8220; arrow_custom_position_last_edited=&#8220;on|phone&#8220; _builder_version=&#8220;4.23.1&#8243; _module_preset=&#8220;default&#8220; badge_font=&#8220;|||on|||||&#8220; header_font=&#8220;|700||on|||||&#8220; header_font_size=&#8220;30px&#8220; body_font=&#8220;|300|||||||&#8220; body_font_size=&#8220;16px&#8220; body_line_height=&#8220;1.4em&#8220; custom_button=&#8220;on&#8220; button_text_size=&#8220;16px&#8220; button_text_color=&#8220;#FFFFFF&#8220; button_bg_color=&#8220;#7CDA24&#8243; button_border_radius=&#8220;0px&#8220; button_font=&#8220;|||on|||||&#8220; button_on_hover=&#8220;off&#8220; button_alignment=&#8220;right&#8220; button_custom_padding=&#8220;||||false|false&#8220; custom_padding=&#8220;|13px||13px|false|true&#8220; hover_enabled=&#8220;0&#8243; global_colors_info=&#8220;{}&#8220; sticky_enabled=&#8220;0&#8243;][dsm_card_carousel_child title=&#8220;Formulierung und F&#038;E&#8220; image=&#8220;https:\/\/pnkfarmaceutici.com\/wp-content\/uploads\/2023\/07\/hp-box2.jpg&#8220; badge_text=&#8220;Dienstleistungen&#8220; content_padding=&#8220;||20px||false|true&#8220; button_text=&#8220;ENTDECKEN&#8220; button_url=&#8220;https:\/\/pnkfarmaceutici.com\/de\/dienstleistungen\/formulierung-und-fe\/&#8220; button_url_new_window=&#8220;1&#8243; _builder_version=&#8220;4.23.1&#8243; _module_preset=&#8220;default&#8220; background_color=&#8220;#FFFFFF&#8220; background_enable_color=&#8220;on&#8220; custom_padding=&#8220;30px|8px|30px|8px|true|false&#8220; link_option_url=&#8220;https:\/\/pnkfarmaceutici.com\/de\/dienstleistungen\/formulierung-und-fe\/&#8220; hover_enabled=&#8220;0&#8243; border_radii=&#8220;on|15px|15px|15px|15px&#8220; global_colors_info=&#8220;{}&#8220; parent_button=&#8220;on&#8220; parent_header_level=&#8220;h4&#8243; sticky_enabled=&#8220;0&#8243;]<\/p>\n<p>Unser Erfolg beruht darauf, dass wir herausfinden k\u00f6nnen, was der Markt will! Reaktion auf die Bed\u00fcrfnisse&#8230;<\/p>\n<p>[\/dsm_card_carousel_child][dsm_card_carousel_child title=&#8220;Verpackung und Versand&#8220; image=&#8220;https:\/\/pnkfarmaceutici.com\/wp-content\/uploads\/2023\/08\/new-contract-1.jpg&#8220; badge_text=&#8220;Dienstleistungen&#8220; content_padding=&#8220;||20px||false|true&#8220; button_text=&#8220;ENTDECKEN&#8220; button_url=&#8220;https:\/\/pnkfarmaceutici.com\/de\/dienstleistungen\/versand-und-verpackung\/&#8220; button_url_new_window=&#8220;1&#8243; _builder_version=&#8220;4.23.1&#8243; _module_preset=&#8220;default&#8220; background_color=&#8220;#FFFFFF&#8220; background_enable_color=&#8220;on&#8220; custom_padding=&#8220;30px|8px|30px|8px|true|false&#8220; link_option_url=&#8220;https:\/\/pnkfarmaceutici.com\/de\/dienstleistungen\/versand-und-verpackung\/&#8220; hover_enabled=&#8220;0&#8243; border_radii=&#8220;on|15px|15px|15px|15px&#8220; global_colors_info=&#8220;{}&#8220; parent_button=&#8220;on&#8220; parent_header_level=&#8220;h4&#8243; sticky_enabled=&#8220;0&#8243;]<\/p>\n<p>Unsere Hauptaufgabe ist die Zustellung Ihrer Pakete. Wir nutzen Partner&#8230;<\/p>\n<p>[\/dsm_card_carousel_child][dsm_card_carousel_child title=&#8220;Qualit\u00e4t&#8220; image=&#8220;https:\/\/pnkfarmaceutici.com\/wp-content\/uploads\/2023\/08\/img-quality.jpg&#8220; badge_text=&#8220;Dienstleistungen&#8220; content_padding=&#8220;||20px||false|true&#8220; button_text=&#8220;ENTDECKEN&#8220; button_url=&#8220;https:\/\/pnkfarmaceutici.com\/de\/dienstleistungen\/qualitaet\/&#8220; button_url_new_window=&#8220;1&#8243; _builder_version=&#8220;4.23.1&#8243; _module_preset=&#8220;default&#8220; background_color=&#8220;#FFFFFF&#8220; background_enable_color=&#8220;on&#8220; custom_padding=&#8220;30px|8px|30px|8px|true|false&#8220; link_option_url=&#8220;https:\/\/pnkfarmaceutici.com\/de\/dienstleistungen\/qualitaet\/&#8220; hover_enabled=&#8220;0&#8243; border_radii=&#8220;on|15px|15px|15px|15px&#8220; global_colors_info=&#8220;{}&#8220; parent_button=&#8220;on&#8220; parent_header_level=&#8220;h4&#8243; sticky_enabled=&#8220;0&#8243;]<\/p>\n<p>Das Unternehmen verf\u00fcgt \u00fcber ein <strong>Qualit\u00e4tssystem<\/strong>, das in jedem Schritt des Produktionsprozesses &#8230;<\/p>\n<p>[\/dsm_card_carousel_child][dsm_card_carousel_child title=&#8220;Verkaufsfertige Marken&#8220; image=&#8220;https:\/\/pnkfarmaceutici.com\/wp-content\/uploads\/2023\/07\/img-hpbox.png&#8220; badge_text=&#8220;Dienstleistungen&#8220; content_padding=&#8220;|20px|20px|20px|false|true&#8220; button_text=&#8220;ENTDECKEN&#8220; button_url_new_window=&#8220;1&#8243; _builder_version=&#8220;4.23.1&#8243; _module_preset=&#8220;default&#8220; background_color=&#8220;#FFFFFF&#8220; background_enable_color=&#8220;on&#8220; custom_padding=&#8220;30px|8px|30px|8px|true|true&#8220; hover_enabled=&#8220;0&#8243; dsm_modules_popup=&#8220;on&#8220; dsm_modules_popup_library=&#8220;621&#8243; border_radii=&#8220;on|15px|15px|15px|15px&#8220; global_colors_info=&#8220;{}&#8220; parent_button=&#8220;on&#8220; parent_header_level=&#8220;h4&#8243; sticky_enabled=&#8220;0&#8243;]<\/p>\n<p>Aufgrund unserer jahrelangen Erfahrung in der Nutraceutical-Branche konnten wir unsere ersten und einzigen Marken f\u00fcr funktionelle Nahrungserg\u00e4nzungsmittel entwickeln. .<\/p>\n<p>[\/dsm_card_carousel_child][\/dsm_card_carousel][\/et_pb_column][\/et_pb_row][\/et_pb_section]<\/p>\n","protected":false},"excerpt":{"rendered":"<p>PNK-Dienst AuftragsfertigungIn vielen europ\u00e4ischen und au\u00dfereurop\u00e4ischen L\u00e4ndern arbeitet Farmaceutici bei Gesch\u00e4ftsabschl\u00fcssen mit namhaften Marken und Pharmaunternehmen zusammen. Es gibt viele Arten von Nahrungserg\u00e4nzungsmitteln, die wir als Drittanbieter herstellen. Dazu geh\u00f6ren Nahrungserg\u00e4nzungsmittel, Probiotika und Postbiotika, Vitamine und Mineralstoffe sowie Nahrungserg\u00e4nzungsmittel in neuen Arzneiformen. Pharmazeutische Formen: Kapseln und Tabletten Pulver in Beuteln oder Dosen Erg\u00e4nzungen mit Fluidextrakten Funktionelles Zahnfleisch Pektin-Gummi-Erg\u00e4nzungen F\u00fcr die Produktion verwendete Rohstoffe: Neben der Herstellung achten wir auch auf die Beschaffung der ben\u00f6tigten Rohstoffe und Materialien, um sicherzustellen, dass alle Bed\u00fcrfnisse unserer Kunden erf\u00fcllt werden. Gem\u00e4\u00df dem aktuellen HACCP-Plan werden alle eingekauften Rohstoffe, die in der Produktion eingesetzt werden sollen, auf mikrobiologische und analytische Fragestellungen \u00fcberpr\u00fcft. Anschlie\u00dfend werden sie nach der \u201eFirst in, first off \u201c-Regel bei Zimmertemperatur oder im K\u00fchlschrank gelagert, je nachdem, was die Hersteller in den mitgelieferten Zertifikaten verraten. Dies sind die wichtigsten Arten von Rohstoffen, die verwendet werden: Trockene Pflanzenextrakte und Fl\u00fcssigextrakte Vitamine, Mineralien und Aminos\u00e4uren Milchfermente, Lactoferrin und Kolostrum Pektin, Gummibasis und \u00d6le Nat\u00fcrliche und k\u00fcnstliche Aromastoffe und verschiedene Hilfsstoffe Sonstige Dienstleistungen<div class=\"et_pb_module dsm_card_carousel dsm_card_carousel_0 dsm_card_carousel_layout_stacked  dsm_card_carousel_equal_height\">\n\t\t\t\t\n\t\t\t\t\n\t\t\t\t\n\t\t\t\t\n\t\t\t\t\n\t\t\t\t\n\t\t\t\t<div class=\"et_pb_module_inner\">\n\t\t\t\t\t\n\t\t\t\n\t\t\t<div class=\"swiper-container dsm_card_carousel_wrapper\" dir=\"ltr\" data-params=\"[{&quot;direction&quot;:&quot;horizontal&quot;,&quot;effect&quot;:&quot;default&quot;,&quot;slider_effect_shadows&quot;:false,&quot;slider_effect_coverflow_rotate&quot;:&quot;30&quot;,&quot;slider_effect_coverflow_depth&quot;:&quot;0&quot;,&quot;loop&quot;:true,&quot;infinite_smooth_scrolling&quot;:false,&quot;slide_to_show&quot;:&quot;4&quot;,&quot;slide_to_show_tablet&quot;:&quot;1&quot;,&quot;slide_to_show_phone&quot;:&quot;1&quot;,&quot;slide_to_scroll&quot;:&quot;1&quot;,&quot;slide_to_scroll_tablet&quot;:&quot;1&quot;,&quot;slide_to_scroll_phone&quot;:&quot;1&quot;,&quot;space_between&quot;:&quot;15&quot;,&quot;space_between_tablet&quot;:&quot;15&quot;,&quot;space_between_phone&quot;:&quot;15&quot;,&quot;centered_slides&quot;:false,&quot;multiple_slide_row&quot;:&quot;off&quot;,&quot;slide_row&quot;:&quot;1&quot;,&quot;slide_row_tablet&quot;:&quot;1&quot;,&quot;slide_row_phone&quot;:&quot;1&quot;,&quot;speed&quot;:&quot;300&quot;,&quot;autoplay&quot;:true,&quot;autoplay_speed&quot;:&quot;2500&quot;,&quot;autoplay_viewport&quot;:&quot;80%&quot;,&quot;touch_move&quot;:true,&quot;grab&quot;:true,&quot;pause_on_hover&quot;:false,&quot;mousewheel&quot;:false,&quot;auto_height&quot;:false,&quot;equal_height&quot;:false,&quot;equal_height_tablet&quot;:true,&quot;equal_height_phone&quot;:true}]\">\n\t\t\t<div class=\"swiper-wrapper\"><\/div>\n\t\t\t<\/div><div class=\"swiper-button-prev dsm_card_carousel_arrow\" data-icon=\"4\"><\/div><div class=\"swiper-button-next dsm_card_carousel_arrow\" data-icon=\"5\"><\/div><div class=\"swiper-pagination dsm_card_carousel_pagination\"><\/div>\n\t\t\t\t<\/div>\n\t\t\t<\/div><div class=\"dsm_card_carousel_child dsm_card_carousel_child_0 swiper-slide\">\n\t\t\t\t\n\t\t\t\t\n\t\t\t\t\n\t\t\t\t\n\t\t\t\t\n\t\t\t\t\n\t\t\t\t<div class=\"et_pb_module_inner\">\n\t\t\t\t\t\n\t\t\t\n\t\t\t\n\t\t\t\n\t\t\t\t<\/div>\n\t\t\t<\/div><\/p>\n","protected":false},"author":5,"featured_media":0,"parent":2579,"menu_order":0,"comment_status":"closed","ping_status":"closed","template":"","meta":{"_et_pb_use_builder":"on","_et_pb_old_content":"","_et_gb_content_width":"","footnotes":""},"class_list":["post-2594","page","type-page","status-publish","hentry"],"_links":{"self":[{"href":"https:\/\/pnkfarmaceutici.com\/de\/wp-json\/wp\/v2\/pages\/2594","targetHints":{"allow":["GET"]}}],"collection":[{"href":"https:\/\/pnkfarmaceutici.com\/de\/wp-json\/wp\/v2\/pages"}],"about":[{"href":"https:\/\/pnkfarmaceutici.com\/de\/wp-json\/wp\/v2\/types\/page"}],"author":[{"embeddable":true,"href":"https:\/\/pnkfarmaceutici.com\/de\/wp-json\/wp\/v2\/users\/5"}],"replies":[{"embeddable":true,"href":"https:\/\/pnkfarmaceutici.com\/de\/wp-json\/wp\/v2\/comments?post=2594"}],"version-history":[{"count":10,"href":"https:\/\/pnkfarmaceutici.com\/de\/wp-json\/wp\/v2\/pages\/2594\/revisions"}],"predecessor-version":[{"id":2665,"href":"https:\/\/pnkfarmaceutici.com\/de\/wp-json\/wp\/v2\/pages\/2594\/revisions\/2665"}],"up":[{"embeddable":true,"href":"https:\/\/pnkfarmaceutici.com\/de\/wp-json\/wp\/v2\/pages\/2579"}],"wp:attachment":[{"href":"https:\/\/pnkfarmaceutici.com\/de\/wp-json\/wp\/v2\/media?parent=2594"}],"curies":[{"name":"wp","href":"https:\/\/api.w.org\/{rel}","templated":true}]}}