{"id":2618,"date":"2023-09-18T09:16:03","date_gmt":"2023-09-18T07:16:03","guid":{"rendered":"https:\/\/pnkfarmaceutici.com\/dienstleistungen\/versand-und-verpackung\/"},"modified":"2025-12-12T12:51:53","modified_gmt":"2025-12-12T10:51:53","slug":"versand-und-verpackung","status":"publish","type":"page","link":"https:\/\/pnkfarmaceutici.com\/de\/dienstleistungen\/versand-und-verpackung\/","title":{"rendered":"Versand und Verpackung"},"content":{"rendered":"<p>[et_pb_section fb_built=&#8220;1&#8243; _builder_version=&#8220;4.22.1&#8243; _module_preset=&#8220;default&#8220; background_color=&#8220;#f7f7f7&#8243; custom_padding=&#8220;2px||||false|false&#8220; global_colors_info=&#8220;{}&#8220;][et_pb_row column_structure=&#8220;3_4,1_4&#8243; custom_padding_last_edited=&#8220;on|desktop&#8220; disabled_on=&#8220;on|on|off&#8220; _builder_version=&#8220;4.22.2&#8243; _module_preset=&#8220;default&#8220; max_width=&#8220;1440px&#8220; custom_padding=&#8220;||0px||false|false&#8220; custom_padding_tablet=&#8220;||0px|||&#8220; custom_padding_phone=&#8220;||0px||false|false&#8220; global_colors_info=&#8220;{}&#8220;][et_pb_column type=&#8220;3_4&#8243; _builder_version=&#8220;4.21.0&#8243; _module_preset=&#8220;default&#8220; global_colors_info=&#8220;{}&#8220;][\/et_pb_column][et_pb_column type=&#8220;1_4&#8243; _builder_version=&#8220;4.21.0&#8243; _module_preset=&#8220;default&#8220; global_colors_info=&#8220;{}&#8220;][et_pb_image src=&#8220;https:\/\/pnkfarmaceutici.com\/wp-content\/uploads\/2023\/06\/icon.png&#8220; title_text=&#8220;icon&#8220; align=&#8220;right&#8220; _builder_version=&#8220;4.22.1&#8243; _module_preset=&#8220;default&#8220; custom_margin=&#8220;20px||||false|false&#8220; global_colors_info=&#8220;{}&#8220;][\/et_pb_image][\/et_pb_column][\/et_pb_row][et_pb_row column_structure=&#8220;3_5,2_5&#8243; custom_padding_last_edited=&#8220;on|tablet&#8220; _builder_version=&#8220;4.22.2&#8243; _module_preset=&#8220;default&#8220; max_width=&#8220;1440px&#8220; custom_padding=&#8220;7px||58px|||&#8220; custom_padding_tablet=&#8220;||0px||false|false&#8220; custom_padding_phone=&#8220;||0px||false|false&#8220; global_colors_info=&#8220;{}&#8220;][et_pb_column type=&#8220;3_5&#8243; _builder_version=&#8220;4.21.0&#8243; _module_preset=&#8220;default&#8220; global_colors_info=&#8220;{}&#8220;][et_pb_text _builder_version=&#8220;4.22.2&#8243; _module_preset=&#8220;default&#8220; header_font=&#8220;|600|||||||&#8220; header_font_size=&#8220;50px&#8220; header_2_font=&#8220;||||||||&#8220; header_2_font_size=&#8220;27px&#8220; header_2_letter_spacing=&#8220;1px&#8220; header_3_font_size=&#8220;27px&#8220; custom_margin=&#8220;46px||7px|||&#8220; custom_margin_tablet=&#8220;30px||||false|false&#8220; custom_margin_phone=&#8220;30px||||false|false&#8220; custom_margin_last_edited=&#8220;on|tablet&#8220; header_font_size_tablet=&#8220;&#8220; header_font_size_phone=&#8220;45px&#8220; header_font_size_last_edited=&#8220;on|phone&#8220; header_2_font_size_tablet=&#8220;&#8220; header_2_font_size_phone=&#8220;&#8220; header_2_font_size_last_edited=&#8220;on|phone&#8220; header_3_font_size_tablet=&#8220;27px&#8220; header_3_font_size_phone=&#8220;24px&#8220; header_3_font_size_last_edited=&#8220;on|phone&#8220; global_colors_info=&#8220;{}&#8220;]<\/p>\n<h2><span style=\"color: #b1005d;\">PNK-Dienst<\/span> <\/h2>\n<h1>Verpackung<\/h1>\n<p>[\/et_pb_text][et_pb_divider divider_weight=&#8220;4px&#8220; _builder_version=&#8220;4.21.0&#8243; _module_preset=&#8220;default&#8220; width=&#8220;7%&#8220; module_alignment=&#8220;left&#8220; height_tablet=&#8220;&#8220; height_phone=&#8220;4px&#8220; height_last_edited=&#8220;on|phone&#8220; custom_margin=&#8220;||10px||false|false&#8220; custom_padding=&#8220;||0px||false|false&#8220; global_colors_info=&#8220;{}&#8220;][\/et_pb_divider][et_pb_text _builder_version=&#8220;4.22.2&#8243; _module_preset=&#8220;default&#8220; text_font=&#8220;|300|||||||&#8220; text_font_size=&#8220;18px&#8220; text_line_height=&#8220;1.6em&#8220; custom_margin_tablet=&#8220;||||false|false&#8220; custom_margin_phone=&#8220;||||false|false&#8220; custom_margin_last_edited=&#8220;on|tablet&#8220; custom_padding=&#8220;||||false|false&#8220; animation_style=&#8220;fade&#8220; global_colors_info=&#8220;{}&#8220;]<\/p>\n<p>W\u00e4hlen Sie die Verpackung, die am besten zur Darreichungsform passt oder die Ihren Bed\u00fcrfnissen entspricht. Wir k\u00f6nnen Ihr Produkt verpacken:<\/p>\n<ul>\n<li>Blister<\/li>\n<li>Sachet<\/li>\n<li>Stickpack<\/li>\n<li>Flasche<\/li>\n<li>Pillbox<\/li>\n<li>Fall<\/li>\n<li>Sch\u00fcttgut.<\/li>\n<\/ul>\n<p>[\/et_pb_text][\/et_pb_column][et_pb_column type=&#8220;2_5&#8243; _builder_version=&#8220;4.21.0&#8243; _module_preset=&#8220;default&#8220; global_colors_info=&#8220;{}&#8220;][et_pb_image src=&#8220;https:\/\/pnkfarmaceutici.com\/wp-content\/uploads\/2023\/09\/pack.jpg&#8220; title_text=&#8220;packen&#8220; align=&#8220;center&#8220; _builder_version=&#8220;4.22.1&#8243; _module_preset=&#8220;default&#8220; border_radii=&#8220;on|15px|15px|15px|15px&#8220; box_shadow_style=&#8220;preset4&#8243; box_shadow_color=&#8220;rgba(177,0,93,0.04)&#8220; global_colors_info=&#8220;{}&#8220;][\/et_pb_image][\/et_pb_column][\/et_pb_row][et_pb_row column_structure=&#8220;2_5,3_5&#8243; _builder_version=&#8220;4.22.2&#8243; _module_preset=&#8220;default&#8220; max_width=&#8220;1440px&#8220; custom_padding=&#8220;7px|||||&#8220; global_colors_info=&#8220;{}&#8220;][et_pb_column type=&#8220;2_5&#8243; disabled_on=&#8220;on|on|off&#8220; _builder_version=&#8220;4.22.2&#8243; _module_preset=&#8220;default&#8220; global_colors_info=&#8220;{}&#8220;][et_pb_image src=&#8220;https:\/\/pnkfarmaceutici.com\/wp-content\/uploads\/2023\/08\/new-contract.jpg&#8220; title_text=&#8220;Neuvertrag&#8220; align=&#8220;center&#8220; _builder_version=&#8220;4.22.1&#8243; _module_preset=&#8220;default&#8220; border_radii=&#8220;on|15px|15px|15px|15px&#8220; box_shadow_style=&#8220;preset4&#8243; box_shadow_color=&#8220;rgba(177,0,93,0.04)&#8220; global_colors_info=&#8220;{}&#8220;][\/et_pb_image][\/et_pb_column][et_pb_column type=&#8220;3_5&#8243; _builder_version=&#8220;4.21.0&#8243; _module_preset=&#8220;default&#8220; global_colors_info=&#8220;{}&#8220;][et_pb_text _builder_version=&#8220;4.22.1&#8243; _module_preset=&#8220;default&#8220; header_font=&#8220;|600|||||||&#8220; header_font_size=&#8220;50px&#8220; header_2_font=&#8220;||||||||&#8220; header_2_font_size=&#8220;27px&#8220; header_2_letter_spacing=&#8220;1px&#8220; header_3_font=&#8220;|600|||||||&#8220; header_3_font_size=&#8220;50px&#8220; custom_margin=&#8220;46px||7px|||&#8220; header_font_size_tablet=&#8220;&#8220; header_font_size_phone=&#8220;45px&#8220; header_font_size_last_edited=&#8220;on|phone&#8220; header_2_font_size_tablet=&#8220;&#8220; header_2_font_size_phone=&#8220;&#8220; header_2_font_size_last_edited=&#8220;on|phone&#8220; header_3_font_size_tablet=&#8220;50px&#8220; header_3_font_size_phone=&#8220;45px&#8220; header_3_font_size_last_edited=&#8220;on|phone&#8220; global_colors_info=&#8220;{}&#8220;]<\/p>\n<h2><span style=\"color: #b1005d;\">PNK-Dienst<\/span> <\/h2>\n<h3>Versand<\/h3>\n<p>[\/et_pb_text][et_pb_divider divider_weight=&#8220;4px&#8220; _builder_version=&#8220;4.21.0&#8243; _module_preset=&#8220;default&#8220; width=&#8220;7%&#8220; module_alignment=&#8220;left&#8220; height_tablet=&#8220;&#8220; height_phone=&#8220;4px&#8220; height_last_edited=&#8220;on|phone&#8220; custom_margin=&#8220;||10px||false|false&#8220; custom_padding=&#8220;||0px||false|false&#8220; global_colors_info=&#8220;{}&#8220;][\/et_pb_divider][et_pb_text _builder_version=&#8220;4.22.2&#8243; _module_preset=&#8220;default&#8220; text_font=&#8220;|300|||||||&#8220; text_font_size=&#8220;18px&#8220; text_line_height=&#8220;1.6em&#8220; custom_margin=&#8220;||||false|false&#8220; custom_margin_tablet=&#8220;||10px||false|false&#8220; custom_margin_phone=&#8220;||10px||false|false&#8220; custom_margin_last_edited=&#8220;on|tablet&#8220; animation_style=&#8220;fade&#8220; global_colors_info=&#8220;{}&#8220;]<\/p>\n<p>Ihre Sendungen sind unsere Hauptaufgabe. Wir nutzen zuverl\u00e4ssige Partner f\u00fcr den Transport Ihrer Bestellungen, die den HACCP-Qualit\u00e4tsstandard erf\u00fcllen oder freiwillige Zertifizierungen f\u00fcr Lebensmittelsicherheit besitzen. Maximale R\u00fcckverfolgbarkeit, Sendungskontrolle und Optimierung der Lieferzeiten.<\/p>\n<p>Wir verf\u00fcgen \u00fcber eine sehr effiziente Methode zum Versenden oder Abholen von Waren und k\u00f6nnen dem Kunden dabei helfen, herauszufinden, welche Unterlagen er ben\u00f6tigt, um seine Waren beim Versand ins Ausland durch den Zoll zu bringen<\/p>\n<p>LAGERHAUS: 500 m2<\/p>\n<ul><\/ul>\n<p>[\/et_pb_text][et_pb_image src=&#8220;https:\/\/pnkfarmaceutici.com\/wp-content\/uploads\/2023\/08\/new-contract.jpg&#8220; title_text=&#8220;Neuvertrag&#8220; align=&#8220;center&#8220; disabled_on=&#8220;off|off|on&#8220; _builder_version=&#8220;4.22.2&#8243; _module_preset=&#8220;default&#8220; border_radii=&#8220;on|15px|15px|15px|15px&#8220; box_shadow_style=&#8220;preset4&#8243; box_shadow_color=&#8220;rgba(177,0,93,0.04)&#8220; global_colors_info=&#8220;{}&#8220;][\/et_pb_image][\/et_pb_column][\/et_pb_row][et_pb_row _builder_version=&#8220;4.22.1&#8243; _module_preset=&#8220;default&#8220; max_width=&#8220;1440px&#8220; custom_padding=&#8220;||0px|||&#8220; global_colors_info=&#8220;{}&#8220;][et_pb_column type=&#8220;4_4&#8243; _builder_version=&#8220;4.22.1&#8243; _module_preset=&#8220;default&#8220; global_colors_info=&#8220;{}&#8220;][et_pb_text _builder_version=&#8220;4.22.2&#8243; _module_preset=&#8220;default&#8220; header_font=&#8220;|600|||||||&#8220; header_font_size=&#8220;50px&#8220; header_2_font=&#8220;||||||||&#8220; header_2_font_size=&#8220;27px&#8220; header_2_letter_spacing=&#8220;1px&#8220; header_3_font=&#8220;|600|||||||&#8220; header_3_text_align=&#8220;center&#8220; header_3_font_size=&#8220;46px&#8220; custom_margin=&#8220;||7px|||&#8220; header_font_size_tablet=&#8220;50px&#8220; header_font_size_phone=&#8220;45px&#8220; header_font_size_last_edited=&#8220;on|phone&#8220; header_2_font_size_tablet=&#8220;27px&#8220; header_2_font_size_phone=&#8220;27px&#8220; header_2_font_size_last_edited=&#8220;on|phone&#8220; header_3_font_size_tablet=&#8220;40px&#8220; header_3_font_size_phone=&#8220;35px&#8220; header_3_font_size_last_edited=&#8220;on|phone&#8220; global_colors_info=&#8220;{}&#8220;]<\/p>\n<h3>Sonstige Dienstleistungen<\/h3>\n<p>[\/et_pb_text][et_pb_divider divider_weight=&#8220;4px&#8220; _builder_version=&#8220;4.22.1&#8243; _module_preset=&#8220;default&#8220; width=&#8220;7%&#8220; module_alignment=&#8220;center&#8220; height_tablet=&#8220;&#8220; height_phone=&#8220;4px&#8220; height_last_edited=&#8220;on|phone&#8220; custom_margin=&#8220;||10px||false|false&#8220; custom_padding=&#8220;||0px||false|false&#8220; global_colors_info=&#8220;{}&#8220;][\/et_pb_divider][\/et_pb_column][\/et_pb_row][et_pb_row custom_padding_last_edited=&#8220;on|phone&#8220; _builder_version=&#8220;4.21.0&#8243; _module_preset=&#8220;default&#8220; width_tablet=&#8220;&#8220; width_phone=&#8220;90%&#8220; width_last_edited=&#8220;on|phone&#8220; max_width=&#8220;1590px&#8220; custom_margin_tablet=&#8220;&#8220; custom_margin_phone=&#8220;||||false|false&#8220; custom_margin_last_edited=&#8220;on|phone&#8220; custom_padding=&#8220;4px|||||&#8220; custom_padding_tablet=&#8220;4px|||||&#8220; custom_padding_phone=&#8220;0px||||false|false&#8220; global_colors_info=&#8220;{}&#8220; custom_css_main_element_last_edited=&#8220;on|phone&#8220; custom_css_main_element_phone=&#8220;margin-bottom : 0 !important;&#8220;][et_pb_column type=&#8220;4_4&#8243; _builder_version=&#8220;4.21.0&#8243; _module_preset=&#8220;default&#8220; global_colors_info=&#8220;{}&#8220;][dsm_card_carousel slide_to_show=&#8220;4&#8243; autoplay_speed=&#8220;2500&#8243; equal_height=&#8220;on&#8220; use_arrow_custom_position=&#8220;on&#8220; arrow_custom_position=&#8220;-26px&#8220; arrow_size=&#8220;28px&#8220; arrow_color=&#8220;#FFFFFF&#8220; arrow_background_color=&#8220;#b1005d&#8220; arrow_custom_position_tablet=&#8220;-26px&#8220; arrow_custom_position_phone=&#8220;14px&#8220; arrow_custom_position_last_edited=&#8220;on|desktop&#8220; _builder_version=&#8220;4.22.2&#8243; _module_preset=&#8220;default&#8220; badge_font=&#8220;|||on|||||&#8220; header_font=&#8220;|700||on|||||&#8220; header_font_size=&#8220;30px&#8220; body_font=&#8220;|300|||||||&#8220; body_font_size=&#8220;16px&#8220; body_line_height=&#8220;1.4em&#8220; custom_button=&#8220;on&#8220; button_text_size=&#8220;16px&#8220; button_text_color=&#8220;#FFFFFF&#8220; button_bg_color=&#8220;#7CDA24&#8243; button_border_radius=&#8220;0px&#8220; button_font=&#8220;|||on|||||&#8220; button_on_hover=&#8220;off&#8220; button_alignment=&#8220;right&#8220; button_custom_padding=&#8220;||||false|false&#8220; custom_padding=&#8220;|13px||13px|false|true&#8220; global_colors_info=&#8220;{}&#8220;][dsm_card_carousel_child title=&#8220;Auftragsfertigung&#8220; image=&#8220;https:\/\/pnkfarmaceutici.com\/wp-content\/uploads\/2023\/08\/contract-manufacturing.jpg&#8220; badge_text=&#8220;Dienstleistungen&#8220; content_padding=&#8220;||20px||false|true&#8220; button_text=&#8220;ENTDECKEN&#8220; button_url=&#8220;https:\/\/pnkfarmaceutici.com\/de\/dienstleistungen\/auftragsfertigung\/&#8220; button_url_new_window=&#8220;1&#8243; _builder_version=&#8220;4.22.2&#8243; _module_preset=&#8220;default&#8220; background_color=&#8220;#FFFFFF&#8220; background_enable_color=&#8220;on&#8220; custom_padding=&#8220;30px|8px|30px|8px|true|false&#8220; link_option_url=&#8220;https:\/\/pnkfarmaceutici.com\/de\/dienstleistungen\/auftragsfertigung\/&#8220; border_radii=&#8220;on|15px|15px|15px|15px&#8220; box_shadow_style=&#8220;preset1&#8243; box_shadow_color=&#8220;rgba(0,0,0,0.12)&#8220; global_colors_info=&#8220;{}&#8220;]<\/p>\n<p>PNK Farmaceutici ist an kommerziellen Partnerschaften beteiligt.<\/p>\n<p>[\/dsm_card_carousel_child][dsm_card_carousel_child title=&#8220;Formulierung und F&amp;E&#8220; image=&#8220;https:\/\/pnkfarmaceutici.com\/wp-content\/uploads\/2023\/07\/hp-box2.jpg&#8220; badge_text=&#8220;Dienstleistungen&#8220; content_padding=&#8220;||20px||false|true&#8220; button_text=&#8220;ENTDECKEN&#8220; button_url=&#8220;https:\/\/pnkfarmaceutici.com\/de\/dienstleistungen\/formulierung-und-fe\/&#8220; button_url_new_window=&#8220;1&#8243; _builder_version=&#8220;4.22.2&#8243; _module_preset=&#8220;default&#8220; background_color=&#8220;#FFFFFF&#8220; background_enable_color=&#8220;on&#8220; custom_padding=&#8220;30px|8px|30px|8px|true|false&#8220; link_option_url=&#8220;https:\/\/pnkfarmaceutici.com\/de\/dienstleistungen\/formulierung-und-fe\/&#8220; border_radii=&#8220;on|15px|15px|15px|15px&#8220; box_shadow_style=&#8220;preset1&#8243; box_shadow_color=&#8220;rgba(0,0,0,0.12)&#8220; global_colors_info=&#8220;{}&#8220;]<\/p>\n<p>Unser Erfolg beruht darauf, dass wir herausfinden k\u00f6nnen, was der Markt will! Reaktion auf die Bed\u00fcrfnisse&#8230;<\/p>\n<p>[\/dsm_card_carousel_child][dsm_card_carousel_child title=&#8220;Qualit\u00e4t&#8220; image=&#8220;https:\/\/pnkfarmaceutici.com\/wp-content\/uploads\/2023\/08\/img-quality.jpg&#8220; badge_text=&#8220;Dienstleistungen&#8220; content_padding=&#8220;||20px||false|true&#8220; button_text=&#8220;ENTDECKEN&#8220; button_url=&#8220;https:\/\/pnkfarmaceutici.com\/de\/dienstleistungen\/qualitaet\/&#8220; button_url_new_window=&#8220;1&#8243; _builder_version=&#8220;4.22.2&#8243; _module_preset=&#8220;default&#8220; background_color=&#8220;#FFFFFF&#8220; background_enable_color=&#8220;on&#8220; custom_padding=&#8220;30px|8px|30px|8px|true|false&#8220; link_option_url=&#8220;https:\/\/pnkfarmaceutici.com\/de\/dienstleistungen\/qualitaet\/&#8220; border_radii=&#8220;on|15px|15px|15px|15px&#8220; box_shadow_style=&#8220;preset1&#8243; box_shadow_color=&#8220;rgba(0,0,0,0.12)&#8220; global_colors_info=&#8220;{}&#8220;]<\/p>\n<p>Das Unternehmen verf\u00fcgt \u00fcber ein <strong>Qualit\u00e4tssystem<\/strong>, das in jedem Schritt des Produktionsprozesses &#8230;<\/p>\n<p>[\/dsm_card_carousel_child][dsm_card_carousel_child title=&#8220;Verkaufsfertige Marken&#8220; image=&#8220;https:\/\/pnkfarmaceutici.com\/wp-content\/uploads\/2023\/07\/img-hpbox.png&#8220; badge_text=&#8220;Dienstleistungen&#8220; content_padding=&#8220;||20px||false|true&#8220; button_text=&#8220;ENTDECKEN&#8220; button_url_new_window=&#8220;1&#8243; _builder_version=&#8220;4.21.0&#8243; _module_preset=&#8220;default&#8220; background_color=&#8220;#FFFFFF&#8220; background_enable_color=&#8220;on&#8220; custom_padding=&#8220;30px|8px|30px|8px|true|false&#8220; dsm_modules_popup=&#8220;on&#8220; dsm_modules_popup_library=&#8220;621&#8243; border_radii=&#8220;on|15px|15px|15px|15px&#8220; box_shadow_style=&#8220;preset1&#8243; box_shadow_color=&#8220;rgba(0,0,0,0.12)&#8220; global_colors_info=&#8220;{}&#8220;]<\/p>\n<p>Aufgrund unserer jahrelangen Erfahrung in der Nutraceutical-Branche konnten wir unsere ersten und einzigen Marken f\u00fcr funktionelle Nahrungserg\u00e4nzungsmittel entwickeln. .<\/p>\n<p>[\/dsm_card_carousel_child][\/dsm_card_carousel][\/et_pb_column][\/et_pb_row][\/et_pb_section]<\/p>\n","protected":false},"excerpt":{"rendered":"<p>PNK-Dienst VerpackungW\u00e4hlen Sie die Verpackung, die am besten zur Darreichungsform passt oder die Ihren Bed\u00fcrfnissen entspricht. Wir k\u00f6nnen Ihr Produkt verpacken: Blister Sachet Stickpack Flasche Pillbox Fall Sch\u00fcttgut. PNK-Dienst VersandIhre Sendungen sind unsere Hauptaufgabe. Wir nutzen zuverl\u00e4ssige Partner f\u00fcr den Transport Ihrer Bestellungen, die den HACCP-Qualit\u00e4tsstandard erf\u00fcllen oder freiwillige Zertifizierungen f\u00fcr Lebensmittelsicherheit besitzen. Maximale R\u00fcckverfolgbarkeit, Sendungskontrolle und Optimierung der Lieferzeiten. Wir verf\u00fcgen \u00fcber eine sehr effiziente Methode zum Versenden oder Abholen von Waren und k\u00f6nnen dem Kunden dabei helfen, herauszufinden, welche Unterlagen er ben\u00f6tigt, um seine Waren beim Versand ins Ausland durch den Zoll zu bringen LAGERHAUS: 500 m2 Sonstige Dienstleistungen<div class=\"et_pb_module dsm_card_carousel dsm_card_carousel_0 dsm_card_carousel_layout_stacked  dsm_card_carousel_equal_height\">\n\t\t\t\t\n\t\t\t\t\n\t\t\t\t\n\t\t\t\t\n\t\t\t\t\n\t\t\t\t\n\t\t\t\t<div class=\"et_pb_module_inner\">\n\t\t\t\t\t\n\t\t\t\n\t\t\t<div class=\"swiper-container dsm_card_carousel_wrapper\" dir=\"ltr\" data-params=\"[{&quot;direction&quot;:&quot;horizontal&quot;,&quot;effect&quot;:&quot;default&quot;,&quot;slider_effect_shadows&quot;:false,&quot;slider_effect_coverflow_rotate&quot;:&quot;30&quot;,&quot;slider_effect_coverflow_depth&quot;:&quot;0&quot;,&quot;loop&quot;:true,&quot;infinite_smooth_scrolling&quot;:false,&quot;slide_to_show&quot;:&quot;4&quot;,&quot;slide_to_show_tablet&quot;:&quot;1&quot;,&quot;slide_to_show_phone&quot;:&quot;1&quot;,&quot;slide_to_scroll&quot;:&quot;1&quot;,&quot;slide_to_scroll_tablet&quot;:&quot;1&quot;,&quot;slide_to_scroll_phone&quot;:&quot;1&quot;,&quot;space_between&quot;:&quot;15&quot;,&quot;space_between_tablet&quot;:&quot;15&quot;,&quot;space_between_phone&quot;:&quot;15&quot;,&quot;centered_slides&quot;:false,&quot;multiple_slide_row&quot;:&quot;off&quot;,&quot;slide_row&quot;:&quot;1&quot;,&quot;slide_row_tablet&quot;:&quot;1&quot;,&quot;slide_row_phone&quot;:&quot;1&quot;,&quot;speed&quot;:&quot;300&quot;,&quot;autoplay&quot;:true,&quot;autoplay_speed&quot;:&quot;2500&quot;,&quot;autoplay_viewport&quot;:&quot;80%&quot;,&quot;touch_move&quot;:true,&quot;grab&quot;:true,&quot;pause_on_hover&quot;:false,&quot;mousewheel&quot;:false,&quot;auto_height&quot;:false,&quot;equal_height&quot;:false,&quot;equal_height_tablet&quot;:true,&quot;equal_height_phone&quot;:true}]\">\n\t\t\t<div class=\"swiper-wrapper\"><\/div>\n\t\t\t<\/div><div class=\"swiper-button-prev dsm_card_carousel_arrow\" data-icon=\"4\"><\/div><div class=\"swiper-button-next dsm_card_carousel_arrow\" data-icon=\"5\"><\/div><div class=\"swiper-pagination dsm_card_carousel_pagination\"><\/div>\n\t\t\t\t<\/div>\n\t\t\t<\/div><div class=\"dsm_card_carousel_child dsm_card_carousel_child_0 et_clickable swiper-slide\">\n\t\t\t\t\n\t\t\t\t\n\t\t\t\t\n\t\t\t\t\n\t\t\t\t\n\t\t\t\t\n\t\t\t\t<div class=\"et_pb_module_inner\">\n\t\t\t\t\t\n\t\t\t\n\t\t\t<figure class=\"dsm_card_carousel_child_image_wrapper dsm_card_carousel_child_badge_top_right\"><div class=\"dsm_card_carousel_child_image_background dsm_card_carousel_child_img\"><\/div><div class=\"dsm_card_carousel_child_badge_text\">Dienstleistungen<\/div><\/figure>\n\t\t\t<div class=\"dsm_card_wrapper et_pb_text_align_left et_pb_bg_layout_light\">\n\t\t\t\t\t<h4 class=\"dsm_card_title et_pb_module_header\">Auftragsfertigung<\/h4>\n\t\t\t\t\t\n\t\t\t\t\t<div class=\"dsm_card_carousel_child_description\">PNK Farmaceutici ist an kommerziellen Partnerschaften beteiligt.<\/div>\n\t\t\t\t\t<div class=\"et_pb_button_wrapper\"><a class=\"et_pb_button et_pb_more_button \" href=\"https:\/\/pnkfarmaceutici.com\/de\/dienstleistungen\/auftragsfertigung\/\">ENTDECKEN<\/a><\/div>\n\t\t\t\t<\/div>\n\t\t\t\t<\/div>\n\t\t\t<\/div><div class=\"dsm_card_carousel_child dsm_card_carousel_child_1 et_clickable swiper-slide\">\n\t\t\t\t\n\t\t\t\t\n\t\t\t\t\n\t\t\t\t\n\t\t\t\t\n\t\t\t\t\n\t\t\t\t<div class=\"et_pb_module_inner\">\n\t\t\t\t\t\n\t\t\t\n\t\t\t<figure class=\"dsm_card_carousel_child_image_wrapper dsm_card_carousel_child_badge_top_right\"><div class=\"dsm_card_carousel_child_image_background dsm_card_carousel_child_img\"><\/div><div class=\"dsm_card_carousel_child_badge_text\">Dienstleistungen<\/div><\/figure>\n\t\t\t<div class=\"dsm_card_wrapper et_pb_text_align_left et_pb_bg_layout_light\">\n\t\t\t\t\t<h4 class=\"dsm_card_title et_pb_module_header\">Formulierung und F&amp;E<\/h4>\n\t\t\t\t\t\n\t\t\t\t\t<div class=\"dsm_card_carousel_child_description\">Unser Erfolg beruht darauf, dass wir herausfinden k\u00f6nnen, was der Markt will! Reaktion auf die Bed\u00fcrfnisse&#8230;<\/div>\n\t\t\t\t\t<div class=\"et_pb_button_wrapper\"><a class=\"et_pb_button et_pb_more_button \" href=\"https:\/\/pnkfarmaceutici.com\/de\/dienstleistungen\/formulierung-und-fe\/\">ENTDECKEN<\/a><\/div>\n\t\t\t\t<\/div>\n\t\t\t\t<\/div>\n\t\t\t<\/div><div class=\"dsm_card_carousel_child dsm_card_carousel_child_2 swiper-slide\">\n\t\t\t\t\n\t\t\t\t\n\t\t\t\t\n\t\t\t\t\n\t\t\t\t\n\t\t\t\t\n\t\t\t\t<div class=\"et_pb_module_inner\">\n\t\t\t\t\t\n\t\t\t\n\t\t\t<figure class=\"dsm_card_carousel_child_image_wrapper dsm_card_carousel_child_badge_top_right\"><div class=\"dsm_card_carousel_child_image_background dsm_card_carousel_child_img\"><\/div><div class=\"dsm_card_carousel_child_badge_text\">&#8220;Dienstleistungen&#8220;<\/div><\/figure>\n\t\t\t<div class=\"dsm_card_wrapper et_pb_text_align_left et_pb_bg_layout_light\">\n\t\t\t\t\t<h4 class=\"dsm_card_title et_pb_module_header\">&#8220;Qualit\u00e4t&#8220;<\/h4>\n\t\t\t\t\t\n\t\t\t\t\t\n\t\t\t\t\t<div class=\"et_pb_button_wrapper\"><a class=\"et_pb_button et_pb_more_button \" href=\"\">&#8220;ENTDECKEN&#8220;<\/a><\/div>\n\t\t\t\t<\/div>\n\t\t\t\t<\/div>\n\t\t\t<\/div><\/p>\n","protected":false},"author":5,"featured_media":0,"parent":2579,"menu_order":0,"comment_status":"closed","ping_status":"closed","template":"","meta":{"_et_pb_use_builder":"on","_et_pb_old_content":"","_et_gb_content_width":"","footnotes":""},"class_list":["post-2618","page","type-page","status-publish","hentry"],"_links":{"self":[{"href":"https:\/\/pnkfarmaceutici.com\/de\/wp-json\/wp\/v2\/pages\/2618","targetHints":{"allow":["GET"]}}],"collection":[{"href":"https:\/\/pnkfarmaceutici.com\/de\/wp-json\/wp\/v2\/pages"}],"about":[{"href":"https:\/\/pnkfarmaceutici.com\/de\/wp-json\/wp\/v2\/types\/page"}],"author":[{"embeddable":true,"href":"https:\/\/pnkfarmaceutici.com\/de\/wp-json\/wp\/v2\/users\/5"}],"replies":[{"embeddable":true,"href":"https:\/\/pnkfarmaceutici.com\/de\/wp-json\/wp\/v2\/comments?post=2618"}],"version-history":[{"count":14,"href":"https:\/\/pnkfarmaceutici.com\/de\/wp-json\/wp\/v2\/pages\/2618\/revisions"}],"predecessor-version":[{"id":3545,"href":"https:\/\/pnkfarmaceutici.com\/de\/wp-json\/wp\/v2\/pages\/2618\/revisions\/3545"}],"up":[{"embeddable":true,"href":"https:\/\/pnkfarmaceutici.com\/de\/wp-json\/wp\/v2\/pages\/2579"}],"wp:attachment":[{"href":"https:\/\/pnkfarmaceutici.com\/de\/wp-json\/wp\/v2\/media?parent=2618"}],"curies":[{"name":"wp","href":"https:\/\/api.w.org\/{rel}","templated":true}]}}